{"id":34,"date":"2012-08-09T12:59:06","date_gmt":"2012-08-09T12:59:06","guid":{"rendered":"http:\/\/dh.tcd.ie\/?page_id=34"},"modified":"2020-04-24T11:06:52","modified_gmt":"2020-04-24T10:06:52","slug":"dh-at-tcd","status":"publish","type":"page","link":"https:\/\/dh.tcd.ie\/index.php\/dh-at-tcd\/","title":{"rendered":"About DH@TCD"},"content":{"rendered":"<div>\n<p>The Trinity Centre for Digital Humanities brings together researchers from many disciplinary backgrounds to facilitate the novel investigation, analysis, synthesis, and presentation of information in electronic form. We also facilitate dialogue between the research and educational programmes that contribute to Trinity&#8217;s reputation in this field, drawing in as well the activities of the Library and Research Computing.<\/p>\n<p>The Digital Humanities Centre is a meeting ground for all of these experts, facilitating the collaborations and open exchange of ideas that is at the heart of Trinity&#8217;s international reputation in this field.<\/p>\n<p>The Trinity Centre for Digital Humanities is based in the <a href=\"https:\/\/www.tcd.ie\/trinitylongroomhub\/\">Trinity Long Room Hub<\/a>, Trinity\u2019s arts and humanities research institute.<\/p>\n<hr \/>\n<p>Tugann L\u00e1rionad Daonnachta\u00ed Digiteacha Chol\u00e1iste na Tr\u00edon\u00f3ide taighdeoir\u00ed \u00f3 ch\u00falra\u00ed discipl\u00edn \u00e9ags\u00fala le ch\u00e9ile chun fiosr\u00fach\u00e1n, anail\u00eds, sint\u00e9is agus cur i l\u00e1thair nua ar fhaisn\u00e9is i bhfoirm leictreonach a \u00e9asc\u00fa. D\u00e9antar \u00e9asc\u00fa chomh maith ar an gcomhphl\u00e9 idir na cl\u00e1ir taighde agus oideachais a thaca\u00edonn le cl\u00fa Chol\u00e1iste na Tr\u00edon\u00f3ide sa r\u00e9imse seo, chomh maith le gn\u00edomha\u00edochta\u00ed na Leabharlainne agus na R\u00edomhaireachta Taighde.<\/p>\n<p>Is tr\u00ed L\u00e1rionad Daonnachta\u00ed Digiteacha Chol\u00e1iste na Tr\u00edon\u00f3ide a tharla\u00edonn comhoibri\u00fa idir na saineolaithe seo mar aon le malart\u00fa smaointeoireachta oscailte, at\u00e1 mar ghn\u00e9 l\u00e1rnach i gcl\u00fa Chol\u00e1iste na Tr\u00edon\u00f3ide sa r\u00e9imse seo.<\/p>\n<p>T\u00e1 L\u00e1rionad Daonnachta\u00ed Digiteacha Chol\u00e1iste na Tr\u00edon\u00f3ide lonnaithe i Mol an tSeomra Fhada, Col\u00e1iste na Tr\u00edon\u00f3ide, institi\u00faid taighde eala\u00edon agus daonnachta\u00ed an chol\u00e1iste.<\/p>\n<p><script type=\"text\/javascript\">\/\/ <![CDATA[ (function(i,s,o,g,r,a,m){i['GoogleAnalyticsObject']=r;i[r]=i[r]||function(){ (i[r].q=i[r].q||[]).push(arguments)},i[r].l=1*new Date();a=s.createElement(o), m=s.getElementsByTagName(o)[0];a.async=1;a.src=g;m.parentNode.insertBefore(a,m) })(window,document,'script','\/\/www.google-analytics.com\/analytics.js','ga'); ga('create', 'UA-42872409-1', 'tcd.ie'); ga('send', 'pageview'); \/\/ ]]><\/script><\/p>\n<figure class=\"wp-block-embed wp-block-embed-youtube is-type-video is-provider-youtube epyt-figure\"><div class=\"wp-block-embed__wrapper\"><iframe loading=\"lazy\"  id=\"_ytid_15944\"  width=\"847\" height=\"476\"  data-origwidth=\"847\" data-origheight=\"476\" src=\"https:\/\/www.youtube.com\/embed\/Lch7tPzzlT8?enablejsapi=1&color=white&autoplay=0&cc_load_policy=0&cc_lang_pref=&iv_load_policy=1&loop=0&rel=1&fs=1&playsinline=0&autohide=2&theme=dark&controls=0&disablekb=0&\" class=\"__youtube_prefs__  no-lazyload\" title=\"YouTube player\"  allow=\"fullscreen; accelerometer; autoplay; clipboard-write; encrypted-media; gyroscope; picture-in-picture; web-share\" referrerpolicy=\"strict-origin-when-cross-origin\" allowfullscreen data-no-lazy=\"1\" data-skipgform_ajax_framebjll=\"\"><\/iframe><\/div><\/figure>\n<\/div>\n","protected":false},"excerpt":{"rendered":"<p>The Trinity Centre for Digital Humanities brings together researchers from many disciplinary backgrounds to facilitate the novel investigation, analysis, synthesis, and presentation of information in electronic form. We also facilitate dialogue between the research and educational programmes that contribute to Trinity&#8217;s reputation in this field, drawing in as well the <a href=\"https:\/\/dh.tcd.ie\/index.php\/dh-at-tcd\/\" class=\"read-more\">Read More &#8230;<\/a><\/p>\n","protected":false},"author":1,"featured_media":2194,"parent":0,"menu_order":0,"comment_status":"closed","ping_status":"open","template":"","meta":{"footnotes":""},"class_list":["post-34","page","type-page","status-publish","has-post-thumbnail","hentry"],"_links":{"self":[{"href":"https:\/\/dh.tcd.ie\/index.php\/wp-json\/wp\/v2\/pages\/34","targetHints":{"allow":["GET"]}}],"collection":[{"href":"https:\/\/dh.tcd.ie\/index.php\/wp-json\/wp\/v2\/pages"}],"about":[{"href":"https:\/\/dh.tcd.ie\/index.php\/wp-json\/wp\/v2\/types\/page"}],"author":[{"embeddable":true,"href":"https:\/\/dh.tcd.ie\/index.php\/wp-json\/wp\/v2\/users\/1"}],"replies":[{"embeddable":true,"href":"https:\/\/dh.tcd.ie\/index.php\/wp-json\/wp\/v2\/comments?post=34"}],"version-history":[{"count":30,"href":"https:\/\/dh.tcd.ie\/index.php\/wp-json\/wp\/v2\/pages\/34\/revisions"}],"predecessor-version":[{"id":2195,"href":"https:\/\/dh.tcd.ie\/index.php\/wp-json\/wp\/v2\/pages\/34\/revisions\/2195"}],"wp:featuredmedia":[{"embeddable":true,"href":"https:\/\/dh.tcd.ie\/index.php\/wp-json\/wp\/v2\/media\/2194"}],"wp:attachment":[{"href":"https:\/\/dh.tcd.ie\/index.php\/wp-json\/wp\/v2\/media?parent=34"}],"curies":[{"name":"wp","href":"https:\/\/api.w.org\/{rel}","templated":true}]}}