{"id":3975,"date":"2026-05-13T16:56:03","date_gmt":"2026-05-13T15:56:03","guid":{"rendered":"https:\/\/dh.tcd.ie\/?page_id=3975"},"modified":"2026-05-13T17:22:08","modified_gmt":"2026-05-13T16:22:08","slug":"visiting-researchers","status":"publish","type":"page","link":"https:\/\/dh.tcd.ie\/index.php\/research\/visiting-researchers\/","title":{"rendered":"Visiting Researchers"},"content":{"rendered":"\n<h2 class=\"wp-block-heading\">Visiting Researchers<\/h2>\n\n\n\n<p>Piotr Wci\u015blik, Instytut Bada\u0144 Literackich Polskiej Akademii Nauk (IBL PAN), Poland (2025)<\/p>\n\n\n\n<p><\/p>\n\n\n\n<h2 class=\"wp-block-heading\">Visiting PhD Students<\/h2>\n\n\n\n<p>Noel Castro Fern\u00e1ndez, Dpto. de Sociolog\u00eda y Ciencias de la Comunicaci\u00f3n, Universidade da Coru\u00f1a, Spain (2025)<\/p>\n\n\n\n<p><\/p>\n\n\n\n<hr class=\"wp-block-separator has-alpha-channel-opacity is-style-wide\"\/>\n\n\n\n<h3 class=\"wp-block-heading\"><strong>Visiting Research Fellowship Programme<\/strong><\/h3>\n\n\n\n<p>The Trinity Long Room Hub facilitates short-term funded fellowships and non-stipendiary fellowships. Learn more here: <a href=\"https:\/\/www.tcd.ie\/trinitylongroomhub\/research\/resources\/visiting-research-fellowship-programme-\/\">https:\/\/www.tcd.ie\/trinitylongroomhub\/research\/resources\/visiting-research-fellowship-programme-\/<\/a><\/p>\n\n\n\n<p>If you&#8217;re interested in visiting the Trinity Centre for Digital Humanities, please contact one of the Centre Staff.<\/p>\n","protected":false},"excerpt":{"rendered":"<p>Visiting Researchers Piotr Wci\u015blik, Instytut Bada\u0144 Literackich Polskiej Akademii Nauk (IBL PAN), Poland (2025) Visiting PhD Students Noel Castro Fern\u00e1ndez, Dpto. de Sociolog\u00eda y Ciencias de la Comunicaci\u00f3n, Universidade da Coru\u00f1a, Spain (2025) Visiting Research Fellowship Programme The Trinity Long Room Hub facilitates short-term funded fellowships and non-stipendiary fellowships. Learn <a href=\"https:\/\/dh.tcd.ie\/index.php\/research\/visiting-researchers\/\" class=\"read-more\">Read More &#8230;<\/a><\/p>\n","protected":false},"author":319,"featured_media":0,"parent":3932,"menu_order":0,"comment_status":"closed","ping_status":"closed","template":"","meta":{"footnotes":""},"class_list":["post-3975","page","type-page","status-publish","hentry"],"_links":{"self":[{"href":"https:\/\/dh.tcd.ie\/index.php\/wp-json\/wp\/v2\/pages\/3975","targetHints":{"allow":["GET"]}}],"collection":[{"href":"https:\/\/dh.tcd.ie\/index.php\/wp-json\/wp\/v2\/pages"}],"about":[{"href":"https:\/\/dh.tcd.ie\/index.php\/wp-json\/wp\/v2\/types\/page"}],"author":[{"embeddable":true,"href":"https:\/\/dh.tcd.ie\/index.php\/wp-json\/wp\/v2\/users\/319"}],"replies":[{"embeddable":true,"href":"https:\/\/dh.tcd.ie\/index.php\/wp-json\/wp\/v2\/comments?post=3975"}],"version-history":[{"count":7,"href":"https:\/\/dh.tcd.ie\/index.php\/wp-json\/wp\/v2\/pages\/3975\/revisions"}],"predecessor-version":[{"id":4006,"href":"https:\/\/dh.tcd.ie\/index.php\/wp-json\/wp\/v2\/pages\/3975\/revisions\/4006"}],"up":[{"embeddable":true,"href":"https:\/\/dh.tcd.ie\/index.php\/wp-json\/wp\/v2\/pages\/3932"}],"wp:attachment":[{"href":"https:\/\/dh.tcd.ie\/index.php\/wp-json\/wp\/v2\/media?parent=3975"}],"curies":[{"name":"wp","href":"https:\/\/api.w.org\/{rel}","templated":true}]}}